{"id":189,"date":"2025-09-24T10:50:02","date_gmt":"2025-09-24T14:50:02","guid":{"rendered":"https:\/\/villagenordik.portquebec.ca\/a-propos\/salle-de-presse\/"},"modified":"2026-02-04T14:19:33","modified_gmt":"2026-02-04T19:19:33","slug":"press-room","status":"publish","type":"page","link":"https:\/\/villagenordik.portquebec.ca\/en\/press-room\/","title":{"rendered":"Press room"},"content":{"rendered":"\t<div class=\"item component-block-page-header wave wave--in-title wave--flipped wave--1 wave--color-1\">\n\t\t<div class=\"container\">\n\t\t\t<div class=\"block-page-header \">\n\t\t\t\t<div class=\"block-page-header__title\">\n\t\t\t\t\t<h1 class=\"h1\">Press room<\/h1>\n\t\t\t\t\t\t\t\t\t\t\t<div class=\"wysiwyg\">\n\t\t\t\t\t\t\t<p>The Port of Qu\u00e9bec Village Nordik is in the spotlight! Find out what the media is saying about us and check out our press releases.<\/p>\n\n\t\t\t\t\t\t<\/div>\n\t\t\t\t\t\t\t\t\t<\/div>\n\t\t\t\t\t\t\t<\/div>\n\t\t<\/div>\n\t<\/div>\n\n\n\t<div class=\"item component-block-text background-color--1 \">\n\t\t<div class=\"container container--small\">\n\t\t\t<div class=\"block-text \">\n\t\t\t\t<div class=\"wysiwyg\">\n\t\t\t\t\t<p class=\"text-large\">January 27 2026<\/p>\n<h2 data-start=\"181\" data-end=\"223\"><strong data-start=\"181\" data-end=\"223\">Winter takes the bait at Louise Basin!<\/strong><\/h2>\n<h3 data-start=\"225\" data-end=\"255\"><\/h3>\n<h3 data-start=\"163\" data-end=\"188\"><\/h3>\n\n\t\t\t\t<\/div>\n\t\t\t\t\t\t\t\t\t<div>\n\t\t\t\t\t\t<a href=\"https:\/\/villagenordik.portquebec.ca\/wp-content\/uploads\/2026\/02\/COMMUNIQUE-DE-PRESSE-VILLAGE-NORDIK-2026.pdf\" target=\"_blank\" class=\"button button--primary\">\n\t\t\t\t\t\t\tRead the press release\n\t\t\t\t\t\t\t\t\t\t\t\t\t\t\t<svg width=\"24\" height=\"24\" aria-hidden=\"true\" focusable=\"false\">\n\t\t\t\t\t\t\t\t\t<use xlink:href=\"#ico-external\" \/>\n\t\t\t\t\t\t\t\t<\/svg>\n\t\t\t\t\t\t\t\t\t\t\t\t\t<\/a>\n\t\t\t\t\t<\/div>\n\t\t\t\t\t\t\t<\/div>\n\t\t<\/div>\n\t<\/div>\n\n\n\t<div class=\"item component-block-text background-color--1 \">\n\t\t<div class=\"container container--small\">\n\t\t\t<div class=\"block-text \">\n\t\t\t\t<div class=\"wysiwyg\">\n\t\t\t\t\t<p class=\"text-large\">February 7 2025<\/p>\n<h2 data-start=\"83\" data-end=\"161\"><strong data-start=\"83\" data-end=\"161\">Urban winter is in full swing at the Village Nordik at the Port of Qu\u00e9bec.<\/strong><\/h2>\n<h3 data-start=\"163\" data-end=\"188\"><\/h3>\n\n\t\t\t\t<\/div>\n\t\t\t\t\t\t\t\t\t<div>\n\t\t\t\t\t\t<a href=\"https:\/\/villagenordik.portquebec.ca\/wp-content\/uploads\/2025\/10\/VillageNordik_communique-lancement-2025_VF.pdf\" target=\"_blank\" class=\"button button--primary\">\n\t\t\t\t\t\t\tRead the press release\n\t\t\t\t\t\t\t\t\t\t\t\t\t\t\t<svg width=\"24\" height=\"24\" aria-hidden=\"true\" focusable=\"false\">\n\t\t\t\t\t\t\t\t\t<use xlink:href=\"#ico-external\" \/>\n\t\t\t\t\t\t\t\t<\/svg>\n\t\t\t\t\t\t\t\t\t\t\t\t\t<\/a>\n\t\t\t\t\t<\/div>\n\t\t\t\t\t\t\t<\/div>\n\t\t<\/div>\n\t<\/div>\n\n\n\t<div class=\"item component-block-text background-color--3 \">\n\t\t<div class=\"container container--small\">\n\t\t\t<div class=\"block-text \">\n\t\t\t\t<div class=\"wysiwyg\">\n\t\t\t\t\t<p class=\"text-large\">March 1 2024<\/p>\n<h2 class=\"elementor-heading-title elementor-size-default h3\">Activities to do during spring break!<\/h2>\n\n\t\t\t\t<\/div>\n\t\t\t\t\t\t\t\t\t<div>\n\t\t\t\t\t\t<a href=\"https:\/\/villagenordik.portquebec.ca\/wp-content\/uploads\/2025\/10\/7-jours.pdf\" target=\"_blank\" class=\"button button--primary\">\n\t\t\t\t\t\t\tRead the press release\n\t\t\t\t\t\t\t\t\t\t\t\t\t\t\t<svg width=\"24\" height=\"24\" aria-hidden=\"true\" focusable=\"false\">\n\t\t\t\t\t\t\t\t\t<use xlink:href=\"#ico-external\" \/>\n\t\t\t\t\t\t\t\t<\/svg>\n\t\t\t\t\t\t\t\t\t\t\t\t\t<\/a>\n\t\t\t\t\t<\/div>\n\t\t\t\t\t\t\t<\/div>\n\t\t<\/div>\n\t<\/div>\n\n\n\t<div class=\"item component-block-text background-color--2 \">\n\t\t<div class=\"container container--small\">\n\t\t\t<div class=\"block-text \">\n\t\t\t\t<div class=\"wysiwyg\">\n\t\t\t\t\t<p class=\"text-large\">March 1 2024<\/p>\n<h2 class=\"elementor-heading-title elementor-size-default h3\">Embrace the Magic: 28 unforgettable winter activities in Quebec City<\/h2>\n\n\t\t\t\t<\/div>\n\t\t\t\t\t\t\t\t\t<div>\n\t\t\t\t\t\t<a href=\"https:\/\/claudiatravels.com\/winter-activities-in-quebec-city\/\" target=\"_blank\" class=\"button button--primary\">\n\t\t\t\t\t\t\tRead the article\n\t\t\t\t\t\t\t\t\t\t\t\t\t\t\t<svg width=\"24\" height=\"24\" aria-hidden=\"true\" focusable=\"false\">\n\t\t\t\t\t\t\t\t\t<use xlink:href=\"#ico-external\" \/>\n\t\t\t\t\t\t\t\t<\/svg>\n\t\t\t\t\t\t\t\t\t\t\t\t\t<\/a>\n\t\t\t\t\t<\/div>\n\t\t\t\t\t\t\t<\/div>\n\t\t<\/div>\n\t<\/div>\n\n\n\t<div class=\"item component-block-text background-color--1 \">\n\t\t<div class=\"container container--small\">\n\t\t\t<div class=\"block-text \">\n\t\t\t\t<div class=\"wysiwyg\">\n\t\t\t\t\t<p class=\"text-large\">February 27 2024<\/p>\n<h2 class=\"elementor-heading-title elementor-size-default h3\">Many more opportunities for ice fishing<\/h2>\n\n\t\t\t\t<\/div>\n\t\t\t\t\t\t\t\t\t<div>\n\t\t\t\t\t\t<a href=\"https:\/\/www.journaldequebec.com\/2024\/02\/27\/encore-plusieurs-occasions-de-pratiquer-la-peche-blanche\" target=\"_blank\" class=\"button button--primary\">\n\t\t\t\t\t\t\tRead the article\n\t\t\t\t\t\t\t\t\t\t\t\t\t\t\t<svg width=\"24\" height=\"24\" aria-hidden=\"true\" focusable=\"false\">\n\t\t\t\t\t\t\t\t\t<use xlink:href=\"#ico-external\" \/>\n\t\t\t\t\t\t\t\t<\/svg>\n\t\t\t\t\t\t\t\t\t\t\t\t\t<\/a>\n\t\t\t\t\t<\/div>\n\t\t\t\t\t\t\t<\/div>\n\t\t<\/div>\n\t<\/div>\n\n\n\t<div class=\"item component-block-text background-color--3 \">\n\t\t<div class=\"container container--small\">\n\t\t\t<div class=\"block-text \">\n\t\t\t\t<div class=\"wysiwyg\">\n\t\t\t\t\t<p class=\"text-large\">February 25 2024<\/p>\n<h2 class=\"elementor-heading-title elementor-size-default h3\">Spring Break: activities for all budgets<\/h2>\n\n\t\t\t\t<\/div>\n\t\t\t\t\t\t\t\t\t<div>\n\t\t\t\t\t\t<a href=\"https:\/\/www.lesoleil.com\/vivre\/2024\/02\/25\/semaine-de-relache-des-activites-pour-tous-les-budgets-FKPOXJXBDJGZVEW3BEE5VIAFHU\/\" target=\"_blank\" class=\"button button--primary\">\n\t\t\t\t\t\t\tRead the article\n\t\t\t\t\t\t\t\t\t\t\t\t\t\t\t<svg width=\"24\" height=\"24\" aria-hidden=\"true\" focusable=\"false\">\n\t\t\t\t\t\t\t\t\t<use xlink:href=\"#ico-external\" \/>\n\t\t\t\t\t\t\t\t<\/svg>\n\t\t\t\t\t\t\t\t\t\t\t\t\t<\/a>\n\t\t\t\t\t<\/div>\n\t\t\t\t\t\t\t<\/div>\n\t\t<\/div>\n\t<\/div>\n\n\n\t<div class=\"item component-block-text background-color--2 \">\n\t\t<div class=\"container container--small\">\n\t\t\t<div class=\"block-text \">\n\t\t\t\t<div class=\"wysiwyg\">\n\t\t\t\t\t<p class=\"text-large\">February 24 2024<\/p>\n<h2 class=\"elementor-heading-title elementor-size-default h3\">5 outings to discover our culinary culture<\/h2>\n\n\t\t\t\t<\/div>\n\t\t\t\t\t\t\t\t\t<div>\n\t\t\t\t\t\t<a href=\"https:\/\/villagenordik.portquebec.ca\/wp-content\/uploads\/2025\/10\/Le-devoir.pdf\" target=\"_blank\" class=\"button button--primary\">\n\t\t\t\t\t\t\tRead the press release\n\t\t\t\t\t\t\t\t\t\t\t\t\t\t\t<svg width=\"24\" height=\"24\" aria-hidden=\"true\" focusable=\"false\">\n\t\t\t\t\t\t\t\t\t<use xlink:href=\"#ico-external\" \/>\n\t\t\t\t\t\t\t\t<\/svg>\n\t\t\t\t\t\t\t\t\t\t\t\t\t<\/a>\n\t\t\t\t\t<\/div>\n\t\t\t\t\t\t\t<\/div>\n\t\t<\/div>\n\t<\/div>\n\n\n\t<div class=\"item component-block-text background-color--1 \">\n\t\t<div class=\"container container--small\">\n\t\t\t<div class=\"block-text \">\n\t\t\t\t<div class=\"wysiwyg\">\n\t\t\t\t\t<p class=\"text-large\">February 16 2024<\/p>\n<h2 class=\"elementor-heading-title elementor-size-default h3\">La p\u00eache sur glace en famille au Village Nordik du Port de Qu\u00e9bec : Un incontournable pour la semaine de rel\u00e2che!<\/h2>\n\n\t\t\t\t<\/div>\n\t\t\t\t\t\t\t\t\t<div>\n\t\t\t\t\t\t<a href=\"https:\/\/www.viedeparents.ca\/la-peche-sur-glace-en-famille-au-village-nordik-du-port-de-quebec-un-incontournable-pour-la-semaine-de-relache\/\" target=\"_blank\" class=\"button button--primary\">\n\t\t\t\t\t\t\tRead the article\n\t\t\t\t\t\t\t\t\t\t\t\t\t\t\t<svg width=\"24\" height=\"24\" aria-hidden=\"true\" focusable=\"false\">\n\t\t\t\t\t\t\t\t\t<use xlink:href=\"#ico-external\" \/>\n\t\t\t\t\t\t\t\t<\/svg>\n\t\t\t\t\t\t\t\t\t\t\t\t\t<\/a>\n\t\t\t\t\t<\/div>\n\t\t\t\t\t\t\t<\/div>\n\t\t<\/div>\n\t<\/div>\n\n\n\t<div class=\"item component-block-text background-color--3 \">\n\t\t<div class=\"container container--small\">\n\t\t\t<div class=\"block-text \">\n\t\t\t\t<div class=\"wysiwyg\">\n\t\t\t\t\t<p>February 14 2024<\/p>\n<h2 class=\"elementor-heading-title elementor-size-default h3\">Village Nordik returns with trout for all<\/h2>\n\n\t\t\t\t<\/div>\n\t\t\t\t\t\t\t\t\t<div>\n\t\t\t\t\t\t<a href=\"https:\/\/villagenordik.portquebec.ca\/wp-content\/uploads\/2025\/10\/Chronicle-Telegraph-Village-Nordik-returns-with-trout-for-all.pdf\" target=\"_blank\" class=\"button button--primary\">\n\t\t\t\t\t\t\tRead the press release\n\t\t\t\t\t\t\t\t\t\t\t\t\t\t\t<svg width=\"24\" height=\"24\" aria-hidden=\"true\" focusable=\"false\">\n\t\t\t\t\t\t\t\t\t<use xlink:href=\"#ico-external\" \/>\n\t\t\t\t\t\t\t\t<\/svg>\n\t\t\t\t\t\t\t\t\t\t\t\t\t<\/a>\n\t\t\t\t\t<\/div>\n\t\t\t\t\t\t\t<\/div>\n\t\t<\/div>\n\t<\/div>\n\n\n\t<div class=\"item component-block-text background-color--2 \">\n\t\t<div class=\"container container--small\">\n\t\t\t<div class=\"block-text \">\n\t\t\t\t<div class=\"wysiwyg\">\n\t\t\t\t\t<p class=\"text-large\">February 2 2024<\/p>\n<h2 class=\"elementor-heading-title elementor-size-default h3\">La p\u00eache sur glace est de retour dans le bassin Louise avec l\u2019ouverture du Village Nordik<\/h2>\n\n\t\t\t\t<\/div>\n\t\t\t\t\t\t\t\t\t<div>\n\t\t\t\t\t\t<a href=\"https:\/\/www.journaldequebec.com\/2024\/02\/02\/la-peche-sur-glace-est-de-retour-dans-le-bassin-louise-avec-louverture-du-village-nordik\" target=\"_blank\" class=\"button button--primary\">\n\t\t\t\t\t\t\tRead the article\n\t\t\t\t\t\t\t\t\t\t\t\t\t\t\t<svg width=\"24\" height=\"24\" aria-hidden=\"true\" focusable=\"false\">\n\t\t\t\t\t\t\t\t\t<use xlink:href=\"#ico-external\" \/>\n\t\t\t\t\t\t\t\t<\/svg>\n\t\t\t\t\t\t\t\t\t\t\t\t\t<\/a>\n\t\t\t\t\t<\/div>\n\t\t\t\t\t\t\t<\/div>\n\t\t<\/div>\n\t<\/div>\n\n\n\t<div class=\"item component-block-text background-color--1 \">\n\t\t<div class=\"container container--small\">\n\t\t\t<div class=\"block-text \">\n\t\t\t\t<div class=\"wysiwyg\">\n\t\t\t\t\t<p class=\"text-large\">February 2 2024<\/p>\n<h2 class=\"elementor-heading-title elementor-size-default h3\">La p\u00eache sur glace est de retour au Vieux-Port !<\/h2>\n\n\t\t\t\t<\/div>\n\t\t\t\t\t\t\t\t\t<div>\n\t\t\t\t\t\t<a href=\"https:\/\/www.lesoleil.com\/actualites\/actualites-locales\/la-capitale\/2024\/02\/02\/la-peche-sur-glace-est-de-retour-au-vieux-port-YQC22J3ZPJB67I7GLRAGQDVKSU\/\" target=\"_blank\" class=\"button button--primary\">\n\t\t\t\t\t\t\tRead the article\n\t\t\t\t\t\t\t\t\t\t\t\t\t\t\t<svg width=\"24\" height=\"24\" aria-hidden=\"true\" focusable=\"false\">\n\t\t\t\t\t\t\t\t\t<use xlink:href=\"#ico-external\" \/>\n\t\t\t\t\t\t\t\t<\/svg>\n\t\t\t\t\t\t\t\t\t\t\t\t\t<\/a>\n\t\t\t\t\t<\/div>\n\t\t\t\t\t\t\t<\/div>\n\t\t<\/div>\n\t<\/div>\n\n\n\t<div class=\"item component-block-text background-color--3 \">\n\t\t<div class=\"container container--small\">\n\t\t\t<div class=\"block-text \">\n\t\t\t\t<div class=\"wysiwyg\">\n\t\t\t\t\t<p class=\"text-large\">February 10 2023<\/p>\n<h2 class=\"elementor-heading-title elementor-size-default h3\">P\u00eache sur la glace : la f\u00eate se poursuit avec le Village Nordik<\/h2>\n\n\t\t\t\t<\/div>\n\t\t\t\t\t\t\t\t\t<div>\n\t\t\t\t\t\t<a href=\"https:\/\/www.journaldequebec.com\/2023\/02\/10\/peche-sur-la-glace-la-fete-se-poursuit-avec-le-village-nordik-au-vieux-port\" target=\"_blank\" class=\"button button--primary\">\n\t\t\t\t\t\t\tRead the article\n\t\t\t\t\t\t\t\t\t\t\t\t\t\t\t<svg width=\"24\" height=\"24\" aria-hidden=\"true\" focusable=\"false\">\n\t\t\t\t\t\t\t\t\t<use xlink:href=\"#ico-external\" \/>\n\t\t\t\t\t\t\t\t<\/svg>\n\t\t\t\t\t\t\t\t\t\t\t\t\t<\/a>\n\t\t\t\t\t<\/div>\n\t\t\t\t\t\t\t<\/div>\n\t\t<\/div>\n\t<\/div>\n\n\n\t<div class=\"item component-block-text background-color--2 \">\n\t\t<div class=\"container container--small\">\n\t\t\t<div class=\"block-text \">\n\t\t\t\t<div class=\"wysiwyg\">\n\t\t\t\t\t<p class=\"text-large\">10 f\u00e9vrier 2023<\/p>\n<h2 class=\"elementor-heading-title elementor-size-default h3\">Une 7e \u00e9dition du Village Nordik du Port de Qu\u00e9bec sous le signe de la nouveaut\u00e9<\/h2>\n\n\t\t\t\t<\/div>\n\t\t\t\t\t\t\t\t\t<div>\n\t\t\t\t\t\t<a href=\"https:\/\/villagenordik.portquebec.ca\/wp-content\/uploads\/2025\/10\/2023-02-10_Citation_Village-Nordik.pdf\" target=\"_blank\" class=\"button button--primary\">\n\t\t\t\t\t\t\tRead the press release\n\t\t\t\t\t\t\t\t\t\t\t\t\t\t\t<svg width=\"24\" height=\"24\" aria-hidden=\"true\" focusable=\"false\">\n\t\t\t\t\t\t\t\t\t<use xlink:href=\"#ico-external\" \/>\n\t\t\t\t\t\t\t\t<\/svg>\n\t\t\t\t\t\t\t\t\t\t\t\t\t<\/a>\n\t\t\t\t\t<\/div>\n\t\t\t\t\t\t\t<\/div>\n\t\t<\/div>\n\t<\/div>\n\n\n\t<div class=\"item component-block-text background-color--1 \">\n\t\t<div class=\"container container--small\">\n\t\t\t<div class=\"block-text \">\n\t\t\t\t<div class=\"wysiwyg\">\n\t\t\t\t\t<p class=\"text-large\">February 9 2022<\/p>\n<h2 class=\"elementor-heading-title elementor-size-default h3\">Bonhomme Carnaval p\u00eache au Village Nordik du Port de Qu\u00e9bec<\/h2>\n\n\t\t\t\t<\/div>\n\t\t\t\t\t\t\t\t\t<div>\n\t\t\t\t\t\t<a href=\"https:\/\/www.youtube.com\/watch?v=9JSjHjisWYM\" target=\"_blank\" class=\"button button--primary\">\n\t\t\t\t\t\t\tWatch the video\n\t\t\t\t\t\t\t\t\t\t\t\t\t\t\t<svg width=\"24\" height=\"24\" aria-hidden=\"true\" focusable=\"false\">\n\t\t\t\t\t\t\t\t\t<use xlink:href=\"#ico-external\" \/>\n\t\t\t\t\t\t\t\t<\/svg>\n\t\t\t\t\t\t\t\t\t\t\t\t\t<\/a>\n\t\t\t\t\t<\/div>\n\t\t\t\t\t\t\t<\/div>\n\t\t<\/div>\n\t<\/div>\n\n\n\t<div class=\"item component-block-text background-color--3 \">\n\t\t<div class=\"container container--small\">\n\t\t\t<div class=\"block-text \">\n\t\t\t\t<div class=\"wysiwyg\">\n\t\t\t\t\t<p class=\"text-large\">December 9 2021<\/p>\n<h2 class=\"elementor-heading-title elementor-size-default h3\">Le Village Nordik s\u2019installera \u00e0 l\u2019Espace 400e<\/h2>\n\n\t\t\t\t<\/div>\n\t\t\t\t\t\t\t\t\t<div>\n\t\t\t\t\t\t<a href=\"https:\/\/www.lesoleil.com\/2021\/12\/09\/le-village-nordik-sinstallera-a-lespace-400e-e2e9b2b5ea82220a3a53d459a4e46e5e\/\" target=\"_blank\" class=\"button button--primary\">\n\t\t\t\t\t\t\tRead the article\n\t\t\t\t\t\t\t\t\t\t\t\t\t\t\t<svg width=\"24\" height=\"24\" aria-hidden=\"true\" focusable=\"false\">\n\t\t\t\t\t\t\t\t\t<use xlink:href=\"#ico-external\" \/>\n\t\t\t\t\t\t\t\t<\/svg>\n\t\t\t\t\t\t\t\t\t\t\t\t\t<\/a>\n\t\t\t\t\t<\/div>\n\t\t\t\t\t\t\t<\/div>\n\t\t<\/div>\n\t<\/div>\n\n\n\t<div class=\"item component-block-text background-color--2 \">\n\t\t<div class=\"container container--small\">\n\t\t\t<div class=\"block-text \">\n\t\t\t\t<div class=\"wysiwyg\">\n\t\t\t\t\t<p class=\"text-large\">February 24 2017<\/p>\n<h2 class=\"elementor-heading-title elementor-size-default h2 h3\">Village Nordik: p\u00eacher sur la glace au coeur de Qu\u00e9bec<\/h2>\n\n\t\t\t\t<\/div>\n\t\t\t\t\t\t\t\t\t<div>\n\t\t\t\t\t\t<a href=\"https:\/\/www.lapresse.ca\/voyage\/destinations\/quebec\/quebec\/201702\/24\/01-5072810-village-nordik-pecher-sur-la-glace-au-coeur-de-quebec.php\" target=\"_blank\" class=\"button button--primary\">\n\t\t\t\t\t\t\tRead the article\n\t\t\t\t\t\t\t\t\t\t\t\t\t\t\t<svg width=\"24\" height=\"24\" aria-hidden=\"true\" focusable=\"false\">\n\t\t\t\t\t\t\t\t\t<use xlink:href=\"#ico-external\" \/>\n\t\t\t\t\t\t\t\t<\/svg>\n\t\t\t\t\t\t\t\t\t\t\t\t\t<\/a>\n\t\t\t\t\t<\/div>\n\t\t\t\t\t\t\t<\/div>\n\t\t<\/div>\n\t<\/div>\n","protected":false},"excerpt":{"rendered":"","protected":false},"author":1,"featured_media":0,"parent":0,"menu_order":0,"comment_status":"closed","ping_status":"closed","template":"","meta":{"_acf_changed":false,"footnotes":""},"class_list":["post-189","page","type-page","status-publish","hentry"],"acf":[],"yoast_head":"<!-- This site is optimized with the Yoast SEO plugin v26.2 - https:\/\/yoast.com\/wordpress\/plugins\/seo\/ -->\n<title>Press room - Village Nordik du Port de Qu\u00e9bec<\/title>\n<meta name=\"robots\" content=\"index, follow, max-snippet:-1, max-image-preview:large, max-video-preview:-1\" \/>\n<link rel=\"canonical\" href=\"https:\/\/villagenordik.portquebec.ca\/en\/press-room\/\" \/>\n<meta property=\"og:locale\" content=\"en_US\" \/>\n<meta property=\"og:type\" content=\"article\" \/>\n<meta property=\"og:title\" content=\"Press room - Village Nordik du Port de Qu\u00e9bec\" \/>\n<meta property=\"og:url\" content=\"https:\/\/villagenordik.portquebec.ca\/en\/press-room\/\" \/>\n<meta property=\"og:site_name\" content=\"Village Nordik du Port de Qu\u00e9bec\" \/>\n<meta property=\"article:publisher\" content=\"https:\/\/www.facebook.com\/VillageNordik\" \/>\n<meta property=\"article:modified_time\" content=\"2026-02-04T19:19:33+00:00\" \/>\n<meta name=\"twitter:card\" content=\"summary_large_image\" \/>\n<script type=\"application\/ld+json\" class=\"yoast-schema-graph\">{\"@context\":\"https:\/\/schema.org\",\"@graph\":[{\"@type\":\"WebPage\",\"@id\":\"https:\/\/villagenordik.portquebec.ca\/en\/press-room\/\",\"url\":\"https:\/\/villagenordik.portquebec.ca\/en\/press-room\/\",\"name\":\"Press room - Village Nordik du Port de Qu\u00e9bec\",\"isPartOf\":{\"@id\":\"https:\/\/villagenordik.portquebec.ca\/en\/#website\"},\"datePublished\":\"2025-09-24T14:50:02+00:00\",\"dateModified\":\"2026-02-04T19:19:33+00:00\",\"breadcrumb\":{\"@id\":\"https:\/\/villagenordik.portquebec.ca\/en\/press-room\/#breadcrumb\"},\"inLanguage\":\"en-US\",\"potentialAction\":[{\"@type\":\"ReadAction\",\"target\":[\"https:\/\/villagenordik.portquebec.ca\/en\/press-room\/\"]}]},{\"@type\":\"BreadcrumbList\",\"@id\":\"https:\/\/villagenordik.portquebec.ca\/en\/press-room\/#breadcrumb\",\"itemListElement\":[{\"@type\":\"ListItem\",\"position\":1,\"name\":\"Home\",\"item\":\"https:\/\/villagenordik.portquebec.ca\/en\/\"},{\"@type\":\"ListItem\",\"position\":2,\"name\":\"Press room\"}]},{\"@type\":\"WebSite\",\"@id\":\"https:\/\/villagenordik.portquebec.ca\/en\/#website\",\"url\":\"https:\/\/villagenordik.portquebec.ca\/en\/\",\"name\":\"Village Nordik du Port de Qu\u00e9bec\",\"description\":\"\",\"publisher\":{\"@id\":\"https:\/\/villagenordik.portquebec.ca\/en\/#organization\"},\"potentialAction\":[{\"@type\":\"SearchAction\",\"target\":{\"@type\":\"EntryPoint\",\"urlTemplate\":\"https:\/\/villagenordik.portquebec.ca\/en\/?s={search_term_string}\"},\"query-input\":{\"@type\":\"PropertyValueSpecification\",\"valueRequired\":true,\"valueName\":\"search_term_string\"}}],\"inLanguage\":\"en-US\"},{\"@type\":\"Organization\",\"@id\":\"https:\/\/villagenordik.portquebec.ca\/en\/#organization\",\"name\":\"Village Nordik du Port de Qu\u00e9bec\",\"url\":\"https:\/\/villagenordik.portquebec.ca\/en\/\",\"logo\":{\"@type\":\"ImageObject\",\"inLanguage\":\"en-US\",\"@id\":\"https:\/\/villagenordik.portquebec.ca\/en\/#\/schema\/logo\/image\/\",\"url\":\"\",\"contentUrl\":\"\",\"caption\":\"Village Nordik du Port de Qu\u00e9bec\"},\"image\":{\"@id\":\"https:\/\/villagenordik.portquebec.ca\/en\/#\/schema\/logo\/image\/\"},\"sameAs\":[\"https:\/\/www.facebook.com\/VillageNordik\",\"https:\/\/www.instagram.com\/discoglaceduportdequebec\"]}]}<\/script>\n<!-- \/ Yoast SEO plugin. -->","yoast_head_json":{"title":"Press room - Village Nordik du Port de Qu\u00e9bec","robots":{"index":"index","follow":"follow","max-snippet":"max-snippet:-1","max-image-preview":"max-image-preview:large","max-video-preview":"max-video-preview:-1"},"canonical":"https:\/\/villagenordik.portquebec.ca\/en\/press-room\/","og_locale":"en_US","og_type":"article","og_title":"Press room - Village Nordik du Port de Qu\u00e9bec","og_url":"https:\/\/villagenordik.portquebec.ca\/en\/press-room\/","og_site_name":"Village Nordik du Port de Qu\u00e9bec","article_publisher":"https:\/\/www.facebook.com\/VillageNordik","article_modified_time":"2026-02-04T19:19:33+00:00","twitter_card":"summary_large_image","schema":{"@context":"https:\/\/schema.org","@graph":[{"@type":"WebPage","@id":"https:\/\/villagenordik.portquebec.ca\/en\/press-room\/","url":"https:\/\/villagenordik.portquebec.ca\/en\/press-room\/","name":"Press room - Village Nordik du Port de Qu\u00e9bec","isPartOf":{"@id":"https:\/\/villagenordik.portquebec.ca\/en\/#website"},"datePublished":"2025-09-24T14:50:02+00:00","dateModified":"2026-02-04T19:19:33+00:00","breadcrumb":{"@id":"https:\/\/villagenordik.portquebec.ca\/en\/press-room\/#breadcrumb"},"inLanguage":"en-US","potentialAction":[{"@type":"ReadAction","target":["https:\/\/villagenordik.portquebec.ca\/en\/press-room\/"]}]},{"@type":"BreadcrumbList","@id":"https:\/\/villagenordik.portquebec.ca\/en\/press-room\/#breadcrumb","itemListElement":[{"@type":"ListItem","position":1,"name":"Home","item":"https:\/\/villagenordik.portquebec.ca\/en\/"},{"@type":"ListItem","position":2,"name":"Press room"}]},{"@type":"WebSite","@id":"https:\/\/villagenordik.portquebec.ca\/en\/#website","url":"https:\/\/villagenordik.portquebec.ca\/en\/","name":"Village Nordik du Port de Qu\u00e9bec","description":"","publisher":{"@id":"https:\/\/villagenordik.portquebec.ca\/en\/#organization"},"potentialAction":[{"@type":"SearchAction","target":{"@type":"EntryPoint","urlTemplate":"https:\/\/villagenordik.portquebec.ca\/en\/?s={search_term_string}"},"query-input":{"@type":"PropertyValueSpecification","valueRequired":true,"valueName":"search_term_string"}}],"inLanguage":"en-US"},{"@type":"Organization","@id":"https:\/\/villagenordik.portquebec.ca\/en\/#organization","name":"Village Nordik du Port de Qu\u00e9bec","url":"https:\/\/villagenordik.portquebec.ca\/en\/","logo":{"@type":"ImageObject","inLanguage":"en-US","@id":"https:\/\/villagenordik.portquebec.ca\/en\/#\/schema\/logo\/image\/","url":"","contentUrl":"","caption":"Village Nordik du Port de Qu\u00e9bec"},"image":{"@id":"https:\/\/villagenordik.portquebec.ca\/en\/#\/schema\/logo\/image\/"},"sameAs":["https:\/\/www.facebook.com\/VillageNordik","https:\/\/www.instagram.com\/discoglaceduportdequebec"]}]}},"_links":{"self":[{"href":"https:\/\/villagenordik.portquebec.ca\/en\/wp-json\/wp\/v2\/pages\/189","targetHints":{"allow":["GET"]}}],"collection":[{"href":"https:\/\/villagenordik.portquebec.ca\/en\/wp-json\/wp\/v2\/pages"}],"about":[{"href":"https:\/\/villagenordik.portquebec.ca\/en\/wp-json\/wp\/v2\/types\/page"}],"author":[{"embeddable":true,"href":"https:\/\/villagenordik.portquebec.ca\/en\/wp-json\/wp\/v2\/users\/1"}],"replies":[{"embeddable":true,"href":"https:\/\/villagenordik.portquebec.ca\/en\/wp-json\/wp\/v2\/comments?post=189"}],"version-history":[{"count":17,"href":"https:\/\/villagenordik.portquebec.ca\/en\/wp-json\/wp\/v2\/pages\/189\/revisions"}],"predecessor-version":[{"id":1930,"href":"https:\/\/villagenordik.portquebec.ca\/en\/wp-json\/wp\/v2\/pages\/189\/revisions\/1930"}],"wp:attachment":[{"href":"https:\/\/villagenordik.portquebec.ca\/en\/wp-json\/wp\/v2\/media?parent=189"}],"curies":[{"name":"wp","href":"https:\/\/api.w.org\/{rel}","templated":true}]}}