{"id":197,"date":"2025-09-24T10:50:48","date_gmt":"2025-09-24T14:50:48","guid":{"rendered":"https:\/\/villagenordik.portquebec.ca\/activites\/programmation\/"},"modified":"2025-10-28T13:41:15","modified_gmt":"2025-10-28T17:41:15","slug":"calendar","status":"publish","type":"page","link":"https:\/\/villagenordik.portquebec.ca\/en\/calendar\/","title":{"rendered":"Calendar"},"content":{"rendered":"\t<div class=\"item component-block-page-header wave wave--in-title wave--flipped wave--1 wave--color-1\">\n\t\t<div class=\"container\">\n\t\t\t<div class=\"block-page-header \">\n\t\t\t\t<div class=\"block-page-header__title\">\n\t\t\t\t\t<h1 class=\"h1\">Calendar<\/h1>\n\t\t\t\t\t\t\t\t\t<\/div>\n\t\t\t\t\t\t\t<\/div>\n\t\t<\/div>\n\t<\/div>\n\n\n\t<div class=\"item component-block-text background-color--1 wave wave--1 wave--color-1\">\n\t\t<div class=\"container container--small\">\n\t\t\t<div class=\"block-text \">\n\t\t\t\t<div class=\"wysiwyg\">\n\t\t\t\t\t<p class=\"text-large\">At the Port of Qu\u00e9bec Village Nordik , you will find everything you need for an amazing outing with family or friends! Discover ice fishing and enjoy the many activities on site. Guaranteed fun!<\/p>\n\n\t\t\t\t<\/div>\n\t\t\t\t\t\t\t<\/div>\n\t\t<\/div>\n\t<\/div>\n\n\n\t<div class=\"item component-block-events \">\n\t\t<div class=\"container\">\n\t\t\t<div class=\"block-events\">\n\t\t\t\t\n\t\t\t\t\n\t\t\t\t\t\t\t\t\t<div class=\"block-events__archives\">\n\t\t\t\t\t\t<div class=\"block-events__archives-header\">\n\t\t\t\t\t\t\t<span class=\"h3\">Archives<\/span>\n\t\t\t\t\t\t<\/div>\n\t\t\t\t\t\t<div class=\"block-events__years js-a11y-drawer-group\" role=\"list\">\n\t\t\t\t\t\t\t\t\t\t\t\t\t\t\t\n<div class=\"accordion__item js-a11y-drawer \" role=\"listitem\">\n\t<button type=\"button\" class=\"accordion__toggle\" aria-controls=\"archive-year-1\" data-a11y-toggle >\n\n\t\t\t\t\t\t\t\n\t\t<h2 class=\"h3\">2026<\/h2>\n\n\t<\/button>\n\n\t<div class=\"accordion__content\" id=\"archive-year-1\" data-a11y-target  inert >\n\t\t<div>\n\t\t\t<div class=\"block-events__months js-a11y-drawer-group\" role=\"list\">\n\t\t\t\t\t\t\t\t\t\t\t\t\t\t\t\t\t\t\t<div class=\"accordion__item js-a11y-drawer \" role=\"listitem\">\n\t<button type=\"button\" class=\"accordion__toggle\" aria-controls=\"archive-year-1-month-1\" data-a11y-toggle >\n\t\t\t\t\t\t\t\t\t\t\n\t\t<h2 class=\"h3\">March<\/h2>\n\n\t<\/button>\n\n\t<div class=\"accordion__content\" id=\"archive-year-1-month-1\" data-a11y-target  inert >\n\t\t<div>\n\t\t\t<div class=\"block-events__list\" role=\"list\">\n\t\t\t\t\t\t\t\t\t<div class=\"block-events__item \" role=\"listitem\">\n  <div>\n    <h3 class=\"h4\">Fishing Tournament presented by Hook\u00e9 (hosted by Logico)<\/h3>\n    <div class=\"block-events__datetime\">\n      <span>\n              Sunday, March 8, 2026\n            <\/span>\n          <\/div>\n          <div class=\"block-events__description wysiwyg\">\n        <p data-start=\"141\" data-end=\"279\">It\u2019s the final weekend of the season at Village Nordik, and Hook\u00e9 invites you to take part in a memorable ice fishing tournament!<\/p>\n<p data-start=\"281\" data-end=\"480\">Cast your line and feel the excitement of a friendly competition while competing for some great prizes. It\u2019s the perfect way to wrap up the season in the festive, welcoming atmosphere of ice fishing.<\/p>\n<p data-start=\"482\" data-end=\"659\" data-is-last-node=\"\" data-is-only-node=\"\">Whether you\u2019re a seasoned angler or trying it for the first time, join us for one last unforgettable winter weekend. We can\u2019t wait to close out the season with you and Hook\u00e9!<\/p>\n\n      <\/div>\n      <\/div>\n  <\/div>\t\t\t\t\t\t\t\t\t<div class=\"block-events__item \" role=\"listitem\">\n  <div>\n    <h3 class=\"h4\">Fishing Tournament presented by Hook\u00e9 (hosted by Logico)<\/h3>\n    <div class=\"block-events__datetime\">\n      <span>\n              Saturday, March 7, 2026\n            <\/span>\n          <\/div>\n          <div class=\"block-events__description wysiwyg\">\n        <p data-start=\"141\" data-end=\"279\">It\u2019s the final weekend of the season at Village Nordik, and Hook\u00e9 invites you to take part in a memorable ice fishing tournament!<\/p>\n<p data-start=\"281\" data-end=\"480\">Cast your line and feel the excitement of a friendly competition while competing for some great prizes. It\u2019s the perfect way to wrap up the season in the festive, welcoming atmosphere of ice fishing.<\/p>\n<p data-start=\"482\" data-end=\"659\" data-is-last-node=\"\" data-is-only-node=\"\">Whether you\u2019re a seasoned angler or trying it for the first time, join us for one last unforgettable winter weekend. We can\u2019t wait to close out the season with you and Hook\u00e9!<\/p>\n\n      <\/div>\n      <\/div>\n  <\/div>\t\t\t\t\t\t\t\t\t<div class=\"block-events__item \" role=\"listitem\">\n  <div>\n    <h3 class=\"h4\">Sugar Shack presented by the Port of Quebec<\/h3>\n    <div class=\"block-events__datetime\">\n      <span>\n              Sunday, March 1, 2026\n            <\/span>\n          <\/div>\n          <div class=\"block-events__description wysiwyg\">\n        <p>Village Nordik transforms into an authentic sugar shack! Come enjoy classic Qu\u00e9bec treats by Les Sucreries de Chlo\u00e9. Ice fishers will be treated to free maple taffy and hot beverages, courtesy of the Port of Qu\u00e9bec.<\/p>\n<p>What\u2019s in store: roaming entertainment for the whole family, lumberjack-style games to put your skills to the test, and plenty of surprises for kids and adults alike.<\/p>\n\n      <\/div>\n      <\/div>\n  <\/div>\t\t\t\t\t\t\t<\/div>\n\t\t<\/div>\n\t<\/div>\n<\/div>\n\t\t\t\t\t\t\t\t\t\t\t\t\t\t\t\t\t\t\t<div class=\"accordion__item js-a11y-drawer \" role=\"listitem\">\n\t<button type=\"button\" class=\"accordion__toggle\" aria-controls=\"archive-year-1-month-2\" data-a11y-toggle >\n\t\t\t\t\t\t\t\t\t\t\n\t\t<h2 class=\"h3\">February<\/h2>\n\n\t<\/button>\n\n\t<div class=\"accordion__content\" id=\"archive-year-1-month-2\" data-a11y-target  inert >\n\t\t<div>\n\t\t\t<div class=\"block-events__list\" role=\"list\">\n\t\t\t\t\t\t\t\t\t<div class=\"block-events__item \" role=\"listitem\">\n  <div>\n    <h3 class=\"h4\">Mascot Party presented by WKND 91.9<\/h3>\n    <div class=\"block-events__datetime\">\n      <span>\n              Sunday, February 22, 2026\n            <\/span>\n          <\/div>\n          <div class=\"block-events__description wysiwyg\">\n        <p data-start=\"100\" data-end=\"216\">Get ready for a magical, laughter-filled weekend at the Mascot Party presented by WKND 91.9 at Village Nordik!<\/p>\n<p data-start=\"223\" data-end=\"357\">Colorful, cheerful mascots will take over the site to entertain visitors and create unforgettable moments for kids and adults alike.<\/p>\n<p data-start=\"364\" data-end=\"510\">To help you stay warm, WKND 91.9\u2019s team will be on site serving hot chicken broth and spreading smiles for families and friends to enjoy together.<\/p>\n<p>&nbsp;<\/p>\n\n      <\/div>\n      <\/div>\n  <\/div>\t\t\t\t\t\t\t\t\t<div class=\"block-events__item \" role=\"listitem\">\n  <div>\n    <h3 class=\"h4\">Polar Bear Challenge (SPVQ)<\/h3>\n    <div class=\"block-events__datetime\">\n      <span>\n              Saturday, February 21, 2026\n            <\/span>\n          <\/div>\n          <div class=\"block-events__description wysiwyg\">\n        <p>Join us in supporting law enforcement officers as they take the plunge to raise funds for Special Olympics Qu\u00e9bec. This one-of-a-kind event brings courage and solidarity together to help athletes with intellectual disabilities shine and reach their full potential.<\/p>\n\n      <\/div>\n      <\/div>\n  <\/div>\t\t\t\t\t\t\t\t\t<div class=\"block-events__item \" role=\"listitem\">\n  <div>\n    <h3 class=\"h4\">Winter Feast presented by BBQ Qu\u00e9bec<\/h3>\n    <div class=\"block-events__datetime\">\n      <span>\n              Sunday, February 15, 2026\n            <\/span>\n          <\/div>\n          <div class=\"block-events__description wysiwyg\">\n        <p>Don\u2019t miss the Winter Feast on site by BBQ Qu\u00e9bec! The BBQ Qu\u00e9bec team is here to show you that winter grilling is for everyone, serving up delicious tastings prepared right on site. Discover bold new flavors while staying warm\u2014and let yourself be surprised by the magic of BBQ, even in the heart of winter.<\/p>\n<p>Psst: It\u2019s FREE!<\/p>\n\n      <\/div>\n      <\/div>\n  <\/div>\t\t\t\t\t\t\t\t\t<div class=\"block-events__item \" role=\"listitem\">\n  <div>\n    <h3 class=\"h4\">Winter Feast presented by BBQ Qu\u00e9bec<\/h3>\n    <div class=\"block-events__datetime\">\n      <span>\n              Saturday, February 14, 2026\n            <\/span>\n          <\/div>\n          <div class=\"block-events__description wysiwyg\">\n        <p data-start=\"128\" data-end=\"439\">Don\u2019t miss the Winter Feast on site by BBQ Qu\u00e9bec! The BBQ Qu\u00e9bec team is here to show you that winter grilling is for everyone, serving up delicious tastings prepared right on site. Discover bold new flavors while staying warm\u2014and let yourself be surprised by the magic of BBQ, even in the heart of winter.<\/p>\n<p data-start=\"441\" data-end=\"466\">Psst: It\u2019s FREE!<\/p>\n\n      <\/div>\n      <\/div>\n  <\/div>\t\t\t\t\t\t\t\t\t<div class=\"block-events__item \" role=\"listitem\">\n  <div>\n    <h3 class=\"h4\">Introduction ton Ice Canoeing<\/h3>\n    <div class=\"block-events__datetime\">\n      <span>\n              Sunday, February 8, 2026\n            <\/span>\n          <\/div>\n          <div class=\"block-events__description wysiwyg\">\n        <p>Step into the world of ice canoeing at Village Nordik, located in the heart of the Port of Qu\u00e9bec. Presented by Canot \u00e0 Glace Exp\u00e9rience, this unique activity invites both kids and adults to discover the St. Lawrence River in a whole new way.<\/p>\n\n      <\/div>\n      <\/div>\n  <\/div>\t\t\t\t\t\t\t\t\t<div class=\"block-events__item \" role=\"listitem\">\n  <div>\n    <h3 class=\"h4\">Introduction to Ice Canoeing<\/h3>\n    <div class=\"block-events__datetime\">\n      <span>\n              Saturday, February 7, 2026\n            <\/span>\n          <\/div>\n          <div class=\"block-events__description wysiwyg\">\n        <p>Step into the world of ice canoeing at Village Nordik, located in the heart of the Port of Qu\u00e9bec. Presented by Canot \u00e0 Glace Exp\u00e9rience, this unique activity invites both kids and adults to discover the St. Lawrence River in a whole new way.<\/p>\n\n      <\/div>\n      <\/div>\n  <\/div>\t\t\t\t\t\t\t\t\t<div class=\"block-events__item \" role=\"listitem\">\n  <div>\n    <h3 class=\"h4\">Fishing Tournament by SAIL (hosted by Logico)<\/h3>\n    <div class=\"block-events__datetime\">\n      <span>\n              Sunday, February 1, 2026\n            <\/span>\n          <\/div>\n          <div class=\"block-events__description wysiwyg\">\n        <p data-start=\"157\" data-end=\"301\">To celebrate the first weekend of the season, Village Nordik invites you to take part in its Ice Fishing Tournament, presented by SAIL!<\/p>\n<p data-start=\"303\" data-end=\"535\">Cast your line and enjoy a one-of-a-kind experience in this friendly competition. With several amazing prizes worth up to $600 to be won, it\u2019s the perfect opportunity to soak up the festive, welcoming atmosphere of ice fishing.<\/p>\n<p data-start=\"537\" data-end=\"740\" data-is-last-node=\"\" data-is-only-node=\"\">Whether you\u2019re an experienced angler or trying ice fishing for the very first time, join us for an unforgettable winter weekend. Let\u2019s kick off the season in style\u2014we can\u2019t wait to see you on the ice! \ud83c\udfa3<\/p>\n\n      <\/div>\n      <\/div>\n  <\/div>\t\t\t\t\t\t\t<\/div>\n\t\t<\/div>\n\t<\/div>\n<\/div>\n\t\t\t\t\t\t\t\t\t\t\t\t\t\t\t\t\t\t\t<div class=\"accordion__item js-a11y-drawer \" role=\"listitem\">\n\t<button type=\"button\" class=\"accordion__toggle\" aria-controls=\"archive-year-1-month-3\" data-a11y-toggle >\n\t\t\t\t\t\t\t\t\t\t\n\t\t<h2 class=\"h3\">January<\/h2>\n\n\t<\/button>\n\n\t<div class=\"accordion__content\" id=\"archive-year-1-month-3\" data-a11y-target  inert >\n\t\t<div>\n\t\t\t<div class=\"block-events__list\" role=\"list\">\n\t\t\t\t\t\t\t\t\t<div class=\"block-events__item \" role=\"listitem\">\n  <div>\n    <h3 class=\"h4\">Fishing Tournament by SAIL (hosted by Logico)<\/h3>\n    <div class=\"block-events__datetime\">\n      <span>\n              Saturday, January 31, 2026\n            <\/span>\n          <\/div>\n          <div class=\"block-events__description wysiwyg\">\n        <p data-start=\"157\" data-end=\"301\">To celebrate the first weekend of the season, Village Nordik invites you to take part in its Ice Fishing Tournament, presented by SAIL!<\/p>\n<p data-start=\"303\" data-end=\"535\">Cast your line and enjoy a one-of-a-kind experience in this friendly competition. With several amazing prizes worth up to $600 to be won, it\u2019s the perfect opportunity to soak up the festive, welcoming atmosphere of ice fishing.<\/p>\n<p data-start=\"537\" data-end=\"740\" data-is-last-node=\"\" data-is-only-node=\"\">Whether you\u2019re an experienced angler or trying ice fishing for the very first time, join us for an unforgettable winter weekend. Let\u2019s kick off the season in style\u2014we can\u2019t wait to see you on the ice! \ud83c\udfa3<\/p>\n\n      <\/div>\n      <\/div>\n  <\/div>\t\t\t\t\t\t\t<\/div>\n\t\t<\/div>\n\t<\/div>\n<\/div>\n\t\t\t\t\t\t\t<\/div>\n\t\t<\/div>\n\t<\/div>\n<\/div>\n\t\t\t\t\t\t\t\t\t\t\t\t\t<\/div>\n\t\t\t\t\t<\/div>\n\t\t\t\t\n\t\t\t<\/div>\n\t\t<\/div>\n\t<\/div>\n","protected":false},"excerpt":{"rendered":"","protected":false},"author":1,"featured_media":0,"parent":0,"menu_order":0,"comment_status":"closed","ping_status":"closed","template":"","meta":{"_acf_changed":false,"footnotes":""},"class_list":["post-197","page","type-page","status-publish","hentry"],"acf":[],"yoast_head":"<!-- This site is optimized with the Yoast SEO plugin v26.2 - https:\/\/yoast.com\/wordpress\/plugins\/seo\/ -->\n<title>Calendar - Village Nordik du Port de Qu\u00e9bec<\/title>\n<meta name=\"robots\" content=\"index, follow, max-snippet:-1, max-image-preview:large, max-video-preview:-1\" \/>\n<link rel=\"canonical\" href=\"https:\/\/villagenordik.portquebec.ca\/en\/calendar\/\" \/>\n<meta property=\"og:locale\" content=\"en_US\" \/>\n<meta property=\"og:type\" content=\"article\" \/>\n<meta property=\"og:title\" content=\"Calendar - Village Nordik du Port de Qu\u00e9bec\" \/>\n<meta property=\"og:url\" content=\"https:\/\/villagenordik.portquebec.ca\/en\/calendar\/\" \/>\n<meta property=\"og:site_name\" content=\"Village Nordik du Port de Qu\u00e9bec\" \/>\n<meta property=\"article:publisher\" content=\"https:\/\/www.facebook.com\/VillageNordik\" \/>\n<meta property=\"article:modified_time\" content=\"2025-10-28T17:41:15+00:00\" \/>\n<meta name=\"twitter:card\" content=\"summary_large_image\" \/>\n<script type=\"application\/ld+json\" class=\"yoast-schema-graph\">{\"@context\":\"https:\/\/schema.org\",\"@graph\":[{\"@type\":\"WebPage\",\"@id\":\"https:\/\/villagenordik.portquebec.ca\/en\/calendar\/\",\"url\":\"https:\/\/villagenordik.portquebec.ca\/en\/calendar\/\",\"name\":\"Calendar - Village Nordik du Port de Qu\u00e9bec\",\"isPartOf\":{\"@id\":\"https:\/\/villagenordik.portquebec.ca\/en\/#website\"},\"datePublished\":\"2025-09-24T14:50:48+00:00\",\"dateModified\":\"2025-10-28T17:41:15+00:00\",\"breadcrumb\":{\"@id\":\"https:\/\/villagenordik.portquebec.ca\/en\/calendar\/#breadcrumb\"},\"inLanguage\":\"en-US\",\"potentialAction\":[{\"@type\":\"ReadAction\",\"target\":[\"https:\/\/villagenordik.portquebec.ca\/en\/calendar\/\"]}]},{\"@type\":\"BreadcrumbList\",\"@id\":\"https:\/\/villagenordik.portquebec.ca\/en\/calendar\/#breadcrumb\",\"itemListElement\":[{\"@type\":\"ListItem\",\"position\":1,\"name\":\"Home\",\"item\":\"https:\/\/villagenordik.portquebec.ca\/en\/\"},{\"@type\":\"ListItem\",\"position\":2,\"name\":\"Calendar\"}]},{\"@type\":\"WebSite\",\"@id\":\"https:\/\/villagenordik.portquebec.ca\/en\/#website\",\"url\":\"https:\/\/villagenordik.portquebec.ca\/en\/\",\"name\":\"Village Nordik du Port de Qu\u00e9bec\",\"description\":\"\",\"publisher\":{\"@id\":\"https:\/\/villagenordik.portquebec.ca\/en\/#organization\"},\"potentialAction\":[{\"@type\":\"SearchAction\",\"target\":{\"@type\":\"EntryPoint\",\"urlTemplate\":\"https:\/\/villagenordik.portquebec.ca\/en\/?s={search_term_string}\"},\"query-input\":{\"@type\":\"PropertyValueSpecification\",\"valueRequired\":true,\"valueName\":\"search_term_string\"}}],\"inLanguage\":\"en-US\"},{\"@type\":\"Organization\",\"@id\":\"https:\/\/villagenordik.portquebec.ca\/en\/#organization\",\"name\":\"Village Nordik du Port de Qu\u00e9bec\",\"url\":\"https:\/\/villagenordik.portquebec.ca\/en\/\",\"logo\":{\"@type\":\"ImageObject\",\"inLanguage\":\"en-US\",\"@id\":\"https:\/\/villagenordik.portquebec.ca\/en\/#\/schema\/logo\/image\/\",\"url\":\"\",\"contentUrl\":\"\",\"caption\":\"Village Nordik du Port de Qu\u00e9bec\"},\"image\":{\"@id\":\"https:\/\/villagenordik.portquebec.ca\/en\/#\/schema\/logo\/image\/\"},\"sameAs\":[\"https:\/\/www.facebook.com\/VillageNordik\",\"https:\/\/www.instagram.com\/discoglaceduportdequebec\"]}]}<\/script>\n<!-- \/ Yoast SEO plugin. -->","yoast_head_json":{"title":"Calendar - Village Nordik du Port de Qu\u00e9bec","robots":{"index":"index","follow":"follow","max-snippet":"max-snippet:-1","max-image-preview":"max-image-preview:large","max-video-preview":"max-video-preview:-1"},"canonical":"https:\/\/villagenordik.portquebec.ca\/en\/calendar\/","og_locale":"en_US","og_type":"article","og_title":"Calendar - Village Nordik du Port de Qu\u00e9bec","og_url":"https:\/\/villagenordik.portquebec.ca\/en\/calendar\/","og_site_name":"Village Nordik du Port de Qu\u00e9bec","article_publisher":"https:\/\/www.facebook.com\/VillageNordik","article_modified_time":"2025-10-28T17:41:15+00:00","twitter_card":"summary_large_image","schema":{"@context":"https:\/\/schema.org","@graph":[{"@type":"WebPage","@id":"https:\/\/villagenordik.portquebec.ca\/en\/calendar\/","url":"https:\/\/villagenordik.portquebec.ca\/en\/calendar\/","name":"Calendar - Village Nordik du Port de Qu\u00e9bec","isPartOf":{"@id":"https:\/\/villagenordik.portquebec.ca\/en\/#website"},"datePublished":"2025-09-24T14:50:48+00:00","dateModified":"2025-10-28T17:41:15+00:00","breadcrumb":{"@id":"https:\/\/villagenordik.portquebec.ca\/en\/calendar\/#breadcrumb"},"inLanguage":"en-US","potentialAction":[{"@type":"ReadAction","target":["https:\/\/villagenordik.portquebec.ca\/en\/calendar\/"]}]},{"@type":"BreadcrumbList","@id":"https:\/\/villagenordik.portquebec.ca\/en\/calendar\/#breadcrumb","itemListElement":[{"@type":"ListItem","position":1,"name":"Home","item":"https:\/\/villagenordik.portquebec.ca\/en\/"},{"@type":"ListItem","position":2,"name":"Calendar"}]},{"@type":"WebSite","@id":"https:\/\/villagenordik.portquebec.ca\/en\/#website","url":"https:\/\/villagenordik.portquebec.ca\/en\/","name":"Village Nordik du Port de Qu\u00e9bec","description":"","publisher":{"@id":"https:\/\/villagenordik.portquebec.ca\/en\/#organization"},"potentialAction":[{"@type":"SearchAction","target":{"@type":"EntryPoint","urlTemplate":"https:\/\/villagenordik.portquebec.ca\/en\/?s={search_term_string}"},"query-input":{"@type":"PropertyValueSpecification","valueRequired":true,"valueName":"search_term_string"}}],"inLanguage":"en-US"},{"@type":"Organization","@id":"https:\/\/villagenordik.portquebec.ca\/en\/#organization","name":"Village Nordik du Port de Qu\u00e9bec","url":"https:\/\/villagenordik.portquebec.ca\/en\/","logo":{"@type":"ImageObject","inLanguage":"en-US","@id":"https:\/\/villagenordik.portquebec.ca\/en\/#\/schema\/logo\/image\/","url":"","contentUrl":"","caption":"Village Nordik du Port de Qu\u00e9bec"},"image":{"@id":"https:\/\/villagenordik.portquebec.ca\/en\/#\/schema\/logo\/image\/"},"sameAs":["https:\/\/www.facebook.com\/VillageNordik","https:\/\/www.instagram.com\/discoglaceduportdequebec"]}]}},"_links":{"self":[{"href":"https:\/\/villagenordik.portquebec.ca\/en\/wp-json\/wp\/v2\/pages\/197","targetHints":{"allow":["GET"]}}],"collection":[{"href":"https:\/\/villagenordik.portquebec.ca\/en\/wp-json\/wp\/v2\/pages"}],"about":[{"href":"https:\/\/villagenordik.portquebec.ca\/en\/wp-json\/wp\/v2\/types\/page"}],"author":[{"embeddable":true,"href":"https:\/\/villagenordik.portquebec.ca\/en\/wp-json\/wp\/v2\/users\/1"}],"replies":[{"embeddable":true,"href":"https:\/\/villagenordik.portquebec.ca\/en\/wp-json\/wp\/v2\/comments?post=197"}],"version-history":[{"count":10,"href":"https:\/\/villagenordik.portquebec.ca\/en\/wp-json\/wp\/v2\/pages\/197\/revisions"}],"predecessor-version":[{"id":1607,"href":"https:\/\/villagenordik.portquebec.ca\/en\/wp-json\/wp\/v2\/pages\/197\/revisions\/1607"}],"wp:attachment":[{"href":"https:\/\/villagenordik.portquebec.ca\/en\/wp-json\/wp\/v2\/media?parent=197"}],"curies":[{"name":"wp","href":"https:\/\/api.w.org\/{rel}","templated":true}]}}