{"id":203,"date":"2025-09-24T10:53:55","date_gmt":"2025-09-24T14:53:55","guid":{"rendered":"https:\/\/villagenordik.portquebec.ca\/infos-pratiques\/comment-me-rendre\/"},"modified":"2025-11-05T15:01:25","modified_gmt":"2025-11-05T20:01:25","slug":"how-to-get-there","status":"publish","type":"page","link":"https:\/\/villagenordik.portquebec.ca\/en\/how-to-get-there\/","title":{"rendered":"How to get there"},"content":{"rendered":"\t<div class=\"item component-block-page-header wave wave--in-title wave--flipped wave--1 wave--color-2\">\n\t\t<div class=\"container\">\n\t\t\t<div class=\"block-page-header \">\n\t\t\t\t<div class=\"block-page-header__title\">\n\t\t\t\t\t<h1 class=\"h1\">How do I get to the Port of Qu\u00e9bec Village Nordik?<\/h1>\n\t\t\t\t\t\t\t\t\t\t\t<div class=\"wysiwyg\">\n\t\t\t\t\t\t\t<p>You can get to the Port of Qu\u00e9bec Village Nordik by foot, bike, public transport and car. If you are arriving from L\u00e9vis, the ferry is also a nice option, since the terminal is only a few minutes\u2019 walk from the site.<\/p>\n\n\t\t\t\t\t\t<\/div>\n\t\t\t\t\t\t\t\t\t<\/div>\n\t\t\t\t\t\t\t<\/div>\n\t\t<\/div>\n\t<\/div>\n\n\n\t<div class=\"item component-block-transportation background-color--2 wave wave--1 wave--color-2\">\n\t\t<div class=\"container container--small\">\n\t\t\t<div class=\"block-transportation\">\n\t\t\t\t\t\t\t\t<div class=\"block-transportation__list\" role=\"list\">\n\t\t\t\t\t\t\t\t\t\t\t<div class=\"block-transportation__item\" role=\"listitem\">\n\t\t\t\t\t\t\t\t\t\t\t\t\t\t\t<div class=\"block-transportation__content block-transportation__content--has-image\">\n\t\t\t\t\t\t\t\t\t\t\t\t\t\t\t\t\t\t\t<div class=\"block-transportation__image\">\n\t\t\t\t\t\t\t\t\t\t\t<img loading=\"lazy\" decoding=\"async\" width=\"1\" height=\"1\" src=\"https:\/\/villagenordik.portquebec.ca\/wp-content\/uploads\/2025\/10\/bus-1.svg\" class=\"attachment-320_296 size-320_296\" alt=\"Bus\" \/>\n\t\t\t\t\t\t\t\t\t\t<\/div>\n\t\t\t\t\t\t\t\t\t\t\t\t\t\t\t\t\t\t\t\t\t\t\t\t\t\t\t\t<div class=\"block-transportation__text wysiwyg\">\n\t\t\t\t\t\t\t\t\t\t\t\t\t\t\t\t\t\t\t\t\t\t\t<h2 class=\"h3\">Public transport<\/h2>\n\t\t\t\t\t\t\t\t\t\t\t\t\t\t\t\t\t\t\t\t\t\t\t\t\t\t\t\t\t\t\t\t\t\t<p>Qu\u00e9bec City\u2019s public bus network offers multiple routes to get to the Port of Qu\u00e9bec Village Nordik.<\/p>\n\n\t\t\t\t\t\t\t\t\t\t\t\t\t\t\t\t\t\t\t\t\t<\/div>\n\t\t\t\t\t\t\t\t\t\t\t\t\t\t\t\t\t<\/div>\n\t\t\t\t\t\t\t\n\t\t\t\t\t\t\t\t\t\t\t\t\t\t\t<ul class=\"bus\">\n\t\t\t\t\t\t\t\t\t\t\t\t\t\t\t\t\t\t\t<li class=\"bus__item\">\n\t\t\t\t\t\t\t\t\t\t\t<p class=\"bus__number\"><span class=\"visuallyhidden\">Routes<\/span>1<\/p>\n\t\t\t\t\t\t\t\t\t\t\t<div class=\"bus__description wysiwyg\"><p>From Belv\u00e9d\u00e8re station to the ferry terminal, route 1 provides access to the Qu\u00e9bec-L\u00e9vis crossing. When you get off at the Dalhousie stop, there is only a 7-minute walk to get to the Village Nordik.<\/p>\n<\/div>\n\t\t\t\t\t\t\t\t\t\t<\/li>\n\t\t\t\t\t\t\t\t\t\t\t\t\t\t\t\t\t\t\t<li class=\"bus__item\">\n\t\t\t\t\t\t\t\t\t\t\t<p class=\"bus__number\"><span class=\"visuallyhidden\">Routes<\/span>11<\/p>\n\t\t\t\t\t\t\t\t\t\t\t<div class=\"bus__description wysiwyg\"><p>Serving Old Qu\u00e9bec, route 11 will drop you off near the Village Nordik, at the Dalhousie stop.<\/p>\n<\/div>\n\t\t\t\t\t\t\t\t\t\t<\/li>\n\t\t\t\t\t\t\t\t\t\t\t\t\t\t\t\t\t\t\t<li class=\"bus__item\">\n\t\t\t\t\t\t\t\t\t\t\t<p class=\"bus__number\"><span class=\"visuallyhidden\">Routes<\/span>801<\/p>\n\t\t\t\t\t\t\t\t\t\t\t<div class=\"bus__description wysiwyg\"><p>From Charlesbourg to Pointe-de-Sainte-Foy, get off at the Youville stop on Rue Saint-Jean. From here you can reach the Port of Qu\u00e9bec Village Nordik, which is just a 15-minute walk away.<\/p>\n<\/div>\n\t\t\t\t\t\t\t\t\t\t<\/li>\n\t\t\t\t\t\t\t\t\t\t\t\t\t\t\t\t\t\t\t<li class=\"bus__item\">\n\t\t\t\t\t\t\t\t\t\t\t<p class=\"bus__number\"><span class=\"visuallyhidden\">Routes<\/span>800<\/p>\n\t\t\t\t\t\t\t\t\t\t\t<div class=\"bus__description wysiwyg\"><p>From the Chute-Montmorency terminus to Pointe-de-Sainte-Foy, get off at the Youville stop on Rue Saint-Jean. From there, the Village Nordik is only a 15-minute walk away.<\/p>\n<\/div>\n\t\t\t\t\t\t\t\t\t\t<\/li>\n\t\t\t\t\t\t\t\t\t\t\t\t\t\t\t\t\t<\/ul>\n\t\t\t\t\t\t\t\t\t\t\t\t\t<\/div>\n\t\t\t\t\t\t\t\t\t\t\t<div class=\"block-transportation__item\" role=\"listitem\">\n\t\t\t\t\t\t\t\t\t\t\t\t\t\t\t<div class=\"block-transportation__content block-transportation__content--has-image\">\n\t\t\t\t\t\t\t\t\t\t\t\t\t\t\t\t\t\t\t<div class=\"block-transportation__image\">\n\t\t\t\t\t\t\t\t\t\t\t<img loading=\"lazy\" decoding=\"async\" width=\"1\" height=\"1\" src=\"https:\/\/villagenordik.portquebec.ca\/wp-content\/uploads\/2025\/10\/voiture-1-1.svg\" class=\"attachment-320_296 size-320_296\" alt=\"Car\" \/>\n\t\t\t\t\t\t\t\t\t\t<\/div>\n\t\t\t\t\t\t\t\t\t\t\t\t\t\t\t\t\t\t\t\t\t\t\t\t\t\t\t\t<div class=\"block-transportation__text wysiwyg\">\n\t\t\t\t\t\t\t\t\t\t\t\t\t\t\t\t\t\t\t\t\t\t\t<h2 class=\"h3\">Car<\/h2>\n\t\t\t\t\t\t\t\t\t\t\t\t\t\t\t\t\t\t\t\t\t\t\t\t\t\t\t\t\t\t\t\t\t\t<p>You can get to the Port of Qu\u00e9bec Village Nordik by car. Several parking lots are available nearby to park your vehicle. Some parking lots also have charging stations for electric vehicles.<\/p>\n\n\t\t\t\t\t\t\t\t\t\t\t\t\t\t\t\t\t\t\t\t\t<\/div>\n\t\t\t\t\t\t\t\t\t\t\t\t\t\t\t\t\t<\/div>\n\t\t\t\t\t\t\t\n\t\t\t\t\t\t\t\t\t\t\t\t\t<\/div>\n\t\t\t\t\t\t\t\t\t<\/div>\n\t\t\t<\/div>\n\t\t<\/div>\n\t<\/div>\n\n\n\t<div class=\"item component-block-google-map background-color--3 wave wave--1 wave--color-3\">\n\t\t<div  id=\"parking\"  class=\"container\">\n\t\t\t<div class=\"block-google-map\">\n\t\t\t\t\t\t\t\t\t<h2 class=\"h2\">Parking map<\/h2>\n\t\t\t\t\n\t\t\t\t<div>\n\t\t\t\t\t<div aria-hidden=\"true\" focusable=\"false\">\n\t\t\t\t\t\t<iframe src=\"https:\/\/www.google.com\/maps\/embed?pb=!1m16!1m12!1m3!1d2730.403874792017!2d-71.20595457856463!3d46.81604746341151!2m3!1f0!2f0!3f0!3m2!1i1024!2i768!4f13.1!2m1!1sStationnement!5e0!3m2!1sfr!2sca!4v1761319580623!5m2!1sfr!2sca\" width=\"600\" height=\"450\" style=\"border:0;\" allowfullscreen=\"\" loading=\"lazy\" referrerpolicy=\"no-referrer-when-downgrade\"><\/iframe>\n\t\t\t\t\t<\/div>\n\n\t\t\t\t\t\t\t\t\t<\/div>\n\t\t\t<\/div>\n\t\t<\/div>\n\t<\/div>\n\n\n\t<div class=\"item component-block-transportation background-color--1 wave wave--2 wave--color-1\">\n\t\t<div class=\"container container--small\">\n\t\t\t<div class=\"block-transportation\">\n\t\t\t\t\t\t\t\t<div class=\"block-transportation__list\" role=\"list\">\n\t\t\t\t\t\t\t\t\t\t\t<div class=\"block-transportation__item\" role=\"listitem\">\n\t\t\t\t\t\t\t\t\t\t\t\t\t\t\t<div class=\"block-transportation__content block-transportation__content--has-image\">\n\t\t\t\t\t\t\t\t\t\t\t\t\t\t\t\t\t\t\t<div class=\"block-transportation__image\">\n\t\t\t\t\t\t\t\t\t\t\t<img loading=\"lazy\" decoding=\"async\" width=\"1\" height=\"1\" src=\"https:\/\/villagenordik.portquebec.ca\/wp-content\/uploads\/2025\/10\/bateau-1-1.svg\" class=\"attachment-320_296 size-320_296\" alt=\"Boat\" \/>\n\t\t\t\t\t\t\t\t\t\t<\/div>\n\t\t\t\t\t\t\t\t\t\t\t\t\t\t\t\t\t\t\t\t\t\t\t\t\t\t\t\t<div class=\"block-transportation__text wysiwyg\">\n\t\t\t\t\t\t\t\t\t\t\t\t\t\t\t\t\t\t\t\t\t\t\t<h2 class=\"h2\"> By ferry<\/h2>\n\t\t\t\t\t\t\t\t\t\t\t\t\t\t\t\t\t\t\t\t\t\t\t\t\t\t\t\t\t\t\t\t\t\t<p>Coming from the South Shore? The Qu\u00e9bec-L\u00e9vis ferry is a great option to get to the Port of Qu\u00e9bec Village Nordik. From the ferry terminal, it is only a 7-minute walk to the site.<\/p>\n\n\t\t\t\t\t\t\t\t\t\t\t\t\t\t\t\t\t\t\t\t\t<\/div>\n\t\t\t\t\t\t\t\t\t\t\t\t\t\t\t\t\t<\/div>\n\t\t\t\t\t\t\t\n\t\t\t\t\t\t\t\t\t\t\t\t\t<\/div>\n\t\t\t\t\t\t\t\t\t<\/div>\n\t\t\t<\/div>\n\t\t<\/div>\n\t<\/div>\n\n\n\t<div class=\"item component-block-google-map background-color--2 \">\n\t\t<div  class=\"container\">\n\t\t\t<div class=\"block-google-map\">\n\t\t\t\t\t\t\t\t\t<h2 class=\"h2\">Ferry map<\/h2>\n\t\t\t\t\n\t\t\t\t<div>\n\t\t\t\t\t<div aria-hidden=\"true\" focusable=\"false\">\n\t\t\t\t\t\t<iframe src=\"https:\/\/www.google.com\/maps\/embed?pb=!1m16!1m12!1m3!1d10922.027052548945!2d-71.20602804791467!3d46.8140210881668!2m3!1f0!2f0!3f0!3m2!1i1024!2i768!4f13.1!2m1!1straversier%20quebec%20levis!5e0!3m2!1sfr!2sca!4v1761253168819!5m2!1sfr!2sca\" width=\"600\" height=\"450\" style=\"border:0;\" allowfullscreen=\"\" loading=\"lazy\" referrerpolicy=\"no-referrer-when-downgrade\"><\/iframe>\n\t\t\t\t\t<\/div>\n\n\t\t\t\t\t\t\t\t\t<\/div>\n\t\t\t<\/div>\n\t\t<\/div>\n\t<\/div>\n","protected":false},"excerpt":{"rendered":"","protected":false},"author":1,"featured_media":0,"parent":0,"menu_order":0,"comment_status":"closed","ping_status":"closed","template":"","meta":{"_acf_changed":false,"footnotes":""},"class_list":["post-203","page","type-page","status-publish","hentry"],"acf":[],"yoast_head":"<!-- This site is optimized with the Yoast SEO plugin v26.2 - https:\/\/yoast.com\/wordpress\/plugins\/seo\/ -->\n<title>How to get there - Village Nordik du Port de Qu\u00e9bec<\/title>\n<meta name=\"robots\" content=\"index, follow, max-snippet:-1, max-image-preview:large, max-video-preview:-1\" \/>\n<link rel=\"canonical\" href=\"https:\/\/villagenordik.portquebec.ca\/en\/how-to-get-there\/\" \/>\n<meta property=\"og:locale\" content=\"en_US\" \/>\n<meta property=\"og:type\" content=\"article\" \/>\n<meta property=\"og:title\" content=\"How to get there - Village Nordik du Port de Qu\u00e9bec\" \/>\n<meta property=\"og:url\" content=\"https:\/\/villagenordik.portquebec.ca\/en\/how-to-get-there\/\" \/>\n<meta property=\"og:site_name\" content=\"Village Nordik du Port de Qu\u00e9bec\" \/>\n<meta property=\"article:publisher\" content=\"https:\/\/www.facebook.com\/VillageNordik\" \/>\n<meta property=\"article:modified_time\" content=\"2025-11-05T20:01:25+00:00\" \/>\n<meta name=\"twitter:card\" content=\"summary_large_image\" \/>\n<script type=\"application\/ld+json\" class=\"yoast-schema-graph\">{\"@context\":\"https:\/\/schema.org\",\"@graph\":[{\"@type\":\"WebPage\",\"@id\":\"https:\/\/villagenordik.portquebec.ca\/en\/how-to-get-there\/\",\"url\":\"https:\/\/villagenordik.portquebec.ca\/en\/how-to-get-there\/\",\"name\":\"How to get there - Village Nordik du Port de Qu\u00e9bec\",\"isPartOf\":{\"@id\":\"https:\/\/villagenordik.portquebec.ca\/en\/#website\"},\"datePublished\":\"2025-09-24T14:53:55+00:00\",\"dateModified\":\"2025-11-05T20:01:25+00:00\",\"breadcrumb\":{\"@id\":\"https:\/\/villagenordik.portquebec.ca\/en\/how-to-get-there\/#breadcrumb\"},\"inLanguage\":\"en-US\",\"potentialAction\":[{\"@type\":\"ReadAction\",\"target\":[\"https:\/\/villagenordik.portquebec.ca\/en\/how-to-get-there\/\"]}]},{\"@type\":\"BreadcrumbList\",\"@id\":\"https:\/\/villagenordik.portquebec.ca\/en\/how-to-get-there\/#breadcrumb\",\"itemListElement\":[{\"@type\":\"ListItem\",\"position\":1,\"name\":\"Home\",\"item\":\"https:\/\/villagenordik.portquebec.ca\/en\/\"},{\"@type\":\"ListItem\",\"position\":2,\"name\":\"How to get there\"}]},{\"@type\":\"WebSite\",\"@id\":\"https:\/\/villagenordik.portquebec.ca\/en\/#website\",\"url\":\"https:\/\/villagenordik.portquebec.ca\/en\/\",\"name\":\"Village Nordik du Port de Qu\u00e9bec\",\"description\":\"\",\"publisher\":{\"@id\":\"https:\/\/villagenordik.portquebec.ca\/en\/#organization\"},\"potentialAction\":[{\"@type\":\"SearchAction\",\"target\":{\"@type\":\"EntryPoint\",\"urlTemplate\":\"https:\/\/villagenordik.portquebec.ca\/en\/?s={search_term_string}\"},\"query-input\":{\"@type\":\"PropertyValueSpecification\",\"valueRequired\":true,\"valueName\":\"search_term_string\"}}],\"inLanguage\":\"en-US\"},{\"@type\":\"Organization\",\"@id\":\"https:\/\/villagenordik.portquebec.ca\/en\/#organization\",\"name\":\"Village Nordik du Port de Qu\u00e9bec\",\"url\":\"https:\/\/villagenordik.portquebec.ca\/en\/\",\"logo\":{\"@type\":\"ImageObject\",\"inLanguage\":\"en-US\",\"@id\":\"https:\/\/villagenordik.portquebec.ca\/en\/#\/schema\/logo\/image\/\",\"url\":\"\",\"contentUrl\":\"\",\"caption\":\"Village Nordik du Port de Qu\u00e9bec\"},\"image\":{\"@id\":\"https:\/\/villagenordik.portquebec.ca\/en\/#\/schema\/logo\/image\/\"},\"sameAs\":[\"https:\/\/www.facebook.com\/VillageNordik\",\"https:\/\/www.instagram.com\/discoglaceduportdequebec\"]}]}<\/script>\n<!-- \/ Yoast SEO plugin. -->","yoast_head_json":{"title":"How to get there - Village Nordik du Port de Qu\u00e9bec","robots":{"index":"index","follow":"follow","max-snippet":"max-snippet:-1","max-image-preview":"max-image-preview:large","max-video-preview":"max-video-preview:-1"},"canonical":"https:\/\/villagenordik.portquebec.ca\/en\/how-to-get-there\/","og_locale":"en_US","og_type":"article","og_title":"How to get there - Village Nordik du Port de Qu\u00e9bec","og_url":"https:\/\/villagenordik.portquebec.ca\/en\/how-to-get-there\/","og_site_name":"Village Nordik du Port de Qu\u00e9bec","article_publisher":"https:\/\/www.facebook.com\/VillageNordik","article_modified_time":"2025-11-05T20:01:25+00:00","twitter_card":"summary_large_image","schema":{"@context":"https:\/\/schema.org","@graph":[{"@type":"WebPage","@id":"https:\/\/villagenordik.portquebec.ca\/en\/how-to-get-there\/","url":"https:\/\/villagenordik.portquebec.ca\/en\/how-to-get-there\/","name":"How to get there - Village Nordik du Port de Qu\u00e9bec","isPartOf":{"@id":"https:\/\/villagenordik.portquebec.ca\/en\/#website"},"datePublished":"2025-09-24T14:53:55+00:00","dateModified":"2025-11-05T20:01:25+00:00","breadcrumb":{"@id":"https:\/\/villagenordik.portquebec.ca\/en\/how-to-get-there\/#breadcrumb"},"inLanguage":"en-US","potentialAction":[{"@type":"ReadAction","target":["https:\/\/villagenordik.portquebec.ca\/en\/how-to-get-there\/"]}]},{"@type":"BreadcrumbList","@id":"https:\/\/villagenordik.portquebec.ca\/en\/how-to-get-there\/#breadcrumb","itemListElement":[{"@type":"ListItem","position":1,"name":"Home","item":"https:\/\/villagenordik.portquebec.ca\/en\/"},{"@type":"ListItem","position":2,"name":"How to get there"}]},{"@type":"WebSite","@id":"https:\/\/villagenordik.portquebec.ca\/en\/#website","url":"https:\/\/villagenordik.portquebec.ca\/en\/","name":"Village Nordik du Port de Qu\u00e9bec","description":"","publisher":{"@id":"https:\/\/villagenordik.portquebec.ca\/en\/#organization"},"potentialAction":[{"@type":"SearchAction","target":{"@type":"EntryPoint","urlTemplate":"https:\/\/villagenordik.portquebec.ca\/en\/?s={search_term_string}"},"query-input":{"@type":"PropertyValueSpecification","valueRequired":true,"valueName":"search_term_string"}}],"inLanguage":"en-US"},{"@type":"Organization","@id":"https:\/\/villagenordik.portquebec.ca\/en\/#organization","name":"Village Nordik du Port de Qu\u00e9bec","url":"https:\/\/villagenordik.portquebec.ca\/en\/","logo":{"@type":"ImageObject","inLanguage":"en-US","@id":"https:\/\/villagenordik.portquebec.ca\/en\/#\/schema\/logo\/image\/","url":"","contentUrl":"","caption":"Village Nordik du Port de Qu\u00e9bec"},"image":{"@id":"https:\/\/villagenordik.portquebec.ca\/en\/#\/schema\/logo\/image\/"},"sameAs":["https:\/\/www.facebook.com\/VillageNordik","https:\/\/www.instagram.com\/discoglaceduportdequebec"]}]}},"_links":{"self":[{"href":"https:\/\/villagenordik.portquebec.ca\/en\/wp-json\/wp\/v2\/pages\/203","targetHints":{"allow":["GET"]}}],"collection":[{"href":"https:\/\/villagenordik.portquebec.ca\/en\/wp-json\/wp\/v2\/pages"}],"about":[{"href":"https:\/\/villagenordik.portquebec.ca\/en\/wp-json\/wp\/v2\/types\/page"}],"author":[{"embeddable":true,"href":"https:\/\/villagenordik.portquebec.ca\/en\/wp-json\/wp\/v2\/users\/1"}],"replies":[{"embeddable":true,"href":"https:\/\/villagenordik.portquebec.ca\/en\/wp-json\/wp\/v2\/comments?post=203"}],"version-history":[{"count":10,"href":"https:\/\/villagenordik.portquebec.ca\/en\/wp-json\/wp\/v2\/pages\/203\/revisions"}],"predecessor-version":[{"id":1659,"href":"https:\/\/villagenordik.portquebec.ca\/en\/wp-json\/wp\/v2\/pages\/203\/revisions\/1659"}],"wp:attachment":[{"href":"https:\/\/villagenordik.portquebec.ca\/en\/wp-json\/wp\/v2\/media?parent=203"}],"curies":[{"name":"wp","href":"https:\/\/api.w.org\/{rel}","templated":true}]}}